{"id":223,"date":"2021-08-17T11:42:32","date_gmt":"2021-08-17T11:42:32","guid":{"rendered":"https:\/\/liceosalvadoreno.edu.sv\/home\/?page_id=223"},"modified":"2022-10-04T08:39:11","modified_gmt":"2022-10-04T14:39:11","slug":"fundador","status":"publish","type":"page","link":"https:\/\/liceosalvadoreno.edu.sv\/home\/quienes-somos\/fundador\/","title":{"rendered":"Fundador"},"content":{"rendered":"\t\t<div data-elementor-type=\"wp-page\" data-elementor-id=\"223\" class=\"elementor elementor-223\" data-elementor-post-type=\"page\">\n\t\t\t\t\t\t<section class=\"elementor-section elementor-top-section elementor-element elementor-element-de6e01b elementor-section-full_width elementor-section-height-default elementor-section-height-default\" data-id=\"de6e01b\" data-element_type=\"section\" data-e-type=\"section\" data-settings=\"{&quot;background_background&quot;:&quot;classic&quot;}\">\n\t\t\t\t\t\t<div class=\"elementor-container elementor-column-gap-no\">\n\t\t\t\t\t<div class=\"elementor-column elementor-col-100 elementor-top-column elementor-element elementor-element-20aecf7\" data-id=\"20aecf7\" data-element_type=\"column\" data-e-type=\"column\">\n\t\t\t<div class=\"elementor-widget-wrap elementor-element-populated\">\n\t\t\t\t\t\t<section class=\"elementor-section elementor-inner-section elementor-element elementor-element-04b85df elementor-section-boxed elementor-section-height-default elementor-section-height-default elementor-invisible\" data-id=\"04b85df\" data-element_type=\"section\" data-e-type=\"section\" data-settings=\"{&quot;motion_fx_motion_fx_scrolling&quot;:&quot;yes&quot;,&quot;animation&quot;:&quot;slideInRight&quot;,&quot;motion_fx_devices&quot;:[&quot;desktop&quot;,&quot;tablet&quot;,&quot;mobile&quot;]}\">\n\t\t\t\t\t\t<div class=\"elementor-container elementor-column-gap-default\">\n\t\t\t\t\t<div class=\"elementor-column elementor-col-100 elementor-inner-column elementor-element elementor-element-a432ff0\" data-id=\"a432ff0\" data-element_type=\"column\" data-e-type=\"column\">\n\t\t\t<div class=\"elementor-widget-wrap elementor-element-populated\">\n\t\t\t\t\t\t<div class=\"elementor-element elementor-element-e922189 elementor-widget__width-initial elementor-widget-mobile__width-initial elementor-widget elementor-widget-image\" data-id=\"e922189\" data-element_type=\"widget\" data-e-type=\"widget\" data-widget_type=\"image.default\">\n\t\t\t\t<div class=\"elementor-widget-container\">\n\t\t\t\t\t\t\t\t\t\t\t\t\t\t\t<img decoding=\"async\" width=\"13\" height=\"40\" src=\"https:\/\/liceosalvadoreno.edu.sv\/home\/wp-content\/uploads\/2021\/08\/section.png\" class=\"attachment-full size-full wp-image-86\" alt=\"\" \/>\t\t\t\t\t\t\t\t\t\t\t\t\t\t\t<\/div>\n\t\t\t\t<\/div>\n\t\t\t\t<div class=\"elementor-element elementor-element-b0ad1ff elementor-widget__width-auto elementor-widget elementor-widget-heading\" data-id=\"b0ad1ff\" data-element_type=\"widget\" data-e-type=\"widget\" data-widget_type=\"heading.default\">\n\t\t\t\t<div class=\"elementor-widget-container\">\n\t\t\t\t\t<h2 class=\"elementor-heading-title elementor-size-default\">FUNDADOR<\/h2>\t\t\t\t<\/div>\n\t\t\t\t<\/div>\n\t\t\t\t\t<\/div>\n\t\t<\/div>\n\t\t\t\t\t<\/div>\n\t\t<\/section>\n\t\t\t\t\t<\/div>\n\t\t<\/div>\n\t\t\t\t\t<\/div>\n\t\t<\/section>\n\t\t\t\t<section class=\"elementor-section elementor-top-section elementor-element elementor-element-19c942e elementor-section-full_width elementor-section-height-default elementor-section-height-default\" data-id=\"19c942e\" data-element_type=\"section\" data-e-type=\"section\">\n\t\t\t\t\t\t<div class=\"elementor-container elementor-column-gap-no\">\n\t\t\t\t\t<div class=\"elementor-column elementor-col-100 elementor-top-column elementor-element elementor-element-5158cb7\" data-id=\"5158cb7\" data-element_type=\"column\" data-e-type=\"column\">\n\t\t\t<div class=\"elementor-widget-wrap elementor-element-populated\">\n\t\t\t\t\t\t<div class=\"elementor-element elementor-element-8bc2258 elementor-widget elementor-widget-image\" data-id=\"8bc2258\" data-element_type=\"widget\" data-e-type=\"widget\" data-widget_type=\"image.default\">\n\t\t\t\t<div class=\"elementor-widget-container\">\n\t\t\t\t\t\t\t\t\t\t\t\t\t\t\t<img fetchpriority=\"high\" decoding=\"async\" width=\"1975\" height=\"761\" src=\"https:\/\/liceosalvadoreno.edu.sv\/home\/wp-content\/uploads\/2022\/09\/home-carrusel-img2.jpg\" class=\"attachment-full size-full wp-image-3313\" alt=\"\" srcset=\"https:\/\/liceosalvadoreno.edu.sv\/home\/wp-content\/uploads\/2022\/09\/home-carrusel-img2.jpg 1975w, https:\/\/liceosalvadoreno.edu.sv\/home\/wp-content\/uploads\/2022\/09\/home-carrusel-img2-300x116.jpg 300w, https:\/\/liceosalvadoreno.edu.sv\/home\/wp-content\/uploads\/2022\/09\/home-carrusel-img2-1024x395.jpg 1024w, https:\/\/liceosalvadoreno.edu.sv\/home\/wp-content\/uploads\/2022\/09\/home-carrusel-img2-768x296.jpg 768w, https:\/\/liceosalvadoreno.edu.sv\/home\/wp-content\/uploads\/2022\/09\/home-carrusel-img2-1536x592.jpg 1536w\" sizes=\"(max-width: 1975px) 100vw, 1975px\" \/>\t\t\t\t\t\t\t\t\t\t\t\t\t\t\t<\/div>\n\t\t\t\t<\/div>\n\t\t\t\t\t<\/div>\n\t\t<\/div>\n\t\t\t\t\t<\/div>\n\t\t<\/section>\n\t\t\t\t<section class=\"elementor-section elementor-top-section elementor-element elementor-element-2c0141d elementor-section-boxed elementor-section-height-default elementor-section-height-default\" data-id=\"2c0141d\" data-element_type=\"section\" data-e-type=\"section\">\n\t\t\t\t\t\t<div class=\"elementor-container elementor-column-gap-default\">\n\t\t\t\t\t<div class=\"elementor-column elementor-col-100 elementor-top-column elementor-element elementor-element-d6b50f8\" data-id=\"d6b50f8\" data-element_type=\"column\" data-e-type=\"column\">\n\t\t\t<div class=\"elementor-widget-wrap elementor-element-populated\">\n\t\t\t\t\t\t<div class=\"elementor-element elementor-element-29c99fd elementor-widget elementor-widget-heading\" data-id=\"29c99fd\" data-element_type=\"widget\" data-e-type=\"widget\" data-widget_type=\"heading.default\">\n\t\t\t\t<div class=\"elementor-widget-container\">\n\t\t\t\t\t<h2 class=\"elementor-heading-title elementor-size-default\">L' Hermitage<\/h2>\t\t\t\t<\/div>\n\t\t\t\t<\/div>\n\t\t\t\t<div class=\"elementor-element elementor-element-082e394 elementor-widget elementor-widget-text-editor\" data-id=\"082e394\" data-element_type=\"widget\" data-e-type=\"widget\" data-widget_type=\"text-editor.default\">\n\t\t\t\t<div class=\"elementor-widget-container\">\n\t\t\t\t\t\t\t\t\t<p>El Hermitage es una de las primeras propiedades maristas, se encuentra a una hora por carretera de Lyon, Francia, y lo forma un conjunto de edificios, uno de los cuales fue construido por el Padre Champagnat, junto con los Hermanos y los constructores locales en 1824.<\/p><p>En 2010, un Hermitage renovado fue inaugurado como un centro de peregrinaci\u00f3n marista, seguido por una renovaci\u00f3n completa de la casa de Lavalla en 2013.<\/p><p>Acoge y acompa\u00f1a principalmente a grupos maristas de todo el mundo y grupos parroquiales locales.<\/p><p>Es una comunidad internacional, hermanos y laicos, que viven bajo el mismo techo, comparten la vida fraterna, rezan juntos y son corresponsables de en la misi\u00f3n con los peregrinos.<\/p><p>Su ideal es ser \u00abun \u00edcono de una iglesia-comuni\u00f3n, con rostro mariana, un \u00edcono de espiritualidad apost\u00f3lica marista y un \u00edcono de la obra de renovaci\u00f3n que est\u00e1 aconteciendo en el Instituto\u00bb.<\/p><p>Los miembros de la comunidad comparten su conocimiento y pasi\u00f3n por el carisma de San Marcelino. Si bien la lengua de la comunidad es el franc\u00e9s, su servicio a grupos internacionales requiere diversidad de idiomas en los miembros de la comunidad. El esp\u00edritu intercultural es parte de su testimonio. Se sugiere un per\u00edodo de prueba para los futuros miembros.<\/p>\t\t\t\t\t\t\t\t<\/div>\n\t\t\t\t<\/div>\n\t\t\t\t<section class=\"elementor-section elementor-inner-section elementor-element elementor-element-2d223b4 elementor-section-boxed elementor-section-height-default elementor-section-height-default\" data-id=\"2d223b4\" data-element_type=\"section\" data-e-type=\"section\">\n\t\t\t\t\t\t<div class=\"elementor-container elementor-column-gap-default\">\n\t\t\t\t\t<div class=\"elementor-column elementor-col-50 elementor-inner-column elementor-element elementor-element-a880284\" data-id=\"a880284\" data-element_type=\"column\" data-e-type=\"column\">\n\t\t\t<div class=\"elementor-widget-wrap elementor-element-populated\">\n\t\t\t\t\t\t<div class=\"elementor-element elementor-element-51ee301 elementor-widget elementor-widget-image\" data-id=\"51ee301\" data-element_type=\"widget\" data-e-type=\"widget\" data-widget_type=\"image.default\">\n\t\t\t\t<div class=\"elementor-widget-container\">\n\t\t\t\t\t\t\t\t\t\t\t\t\t\t\t<img decoding=\"async\" width=\"377\" height=\"480\" src=\"https:\/\/liceosalvadoreno.edu.sv\/home\/wp-content\/uploads\/2022\/09\/champagnat.jpeg\" class=\"attachment-large size-large wp-image-3310\" alt=\"\" srcset=\"https:\/\/liceosalvadoreno.edu.sv\/home\/wp-content\/uploads\/2022\/09\/champagnat.jpeg 377w, https:\/\/liceosalvadoreno.edu.sv\/home\/wp-content\/uploads\/2022\/09\/champagnat-236x300.jpeg 236w\" sizes=\"(max-width: 377px) 100vw, 377px\" \/>\t\t\t\t\t\t\t\t\t\t\t\t\t\t\t<\/div>\n\t\t\t\t<\/div>\n\t\t\t\t\t<\/div>\n\t\t<\/div>\n\t\t\t\t<div class=\"elementor-column elementor-col-50 elementor-inner-column elementor-element elementor-element-fed038f\" data-id=\"fed038f\" data-element_type=\"column\" data-e-type=\"column\">\n\t\t\t<div class=\"elementor-widget-wrap elementor-element-populated\">\n\t\t\t\t\t\t<div class=\"elementor-element elementor-element-5b416ca elementor-widget elementor-widget-text-editor\" data-id=\"5b416ca\" data-element_type=\"widget\" data-e-type=\"widget\" data-widget_type=\"text-editor.default\">\n\t\t\t\t<div class=\"elementor-widget-container\">\n\t\t\t\t\t\t\t\t\t<p><strong>SAN MARCELINO CHAMPAGNAT<\/strong><\/p><p>Hijo de Juan Bautista Champagnat y Mar\u00eda Chirat, naci\u00f3 el 20 de mayo de 1789 en el pueblo franc\u00e9s de Marlhes; durante la Revoluci\u00f3n Francesa. Jam\u00e1s asisti\u00f3 a la escuela durante su ni\u00f1ez, debido a los malos tratos por parte de un profesor contra uno de los alumnos, debiendo ser educado por su t\u00eda monja Luisa. Hasta su entrada al seminario en 1805, Marcelino trabaj\u00f3 de pastor.\u00a0<\/p><p>Fueron sus padres Juan Bautista Champagnat y Mar\u00eda Chirat; este matrimonio tuvo diez hijos. El padre era hombre recto, bastante instruido, de buen juicio y muy estimado en la comarca; sus convecinos acud\u00edan a \u00e9l para que dirimiera sus diferencias.\u00a0<\/p><p>La triste experiencia de atender a un muchacho de 17 a\u00f1os llamado Juan Bautista Montagne, quien viv\u00eda en una aldea llamada Les Palais, enfermo y ya moribundo, fue atendido por Marcelino, quien al intentar confesarlo se dio cuenta de que nunca hab\u00eda ido a la iglesia y apenas hab\u00eda o\u00eddo hablar de Dios, d\u00e1ndole una brev\u00edsima catequesis, lo confes\u00f3 y, algunas horas despu\u00e9s el muchacho muere. Esto impresion\u00f3 fuertemente al P. Champagnat y, record\u00f3 sus proyectos del seminario.\u00a0<\/p><p>El 22 de julio de 1816 recibe la ordenaci\u00f3n sacerdotal y en una peregrinaci\u00f3n al santuario de\u202fNuestra Se\u00f1ora de Fourviere, en\u202fLyon, junto con otros sacerdotes reci\u00e9n ordenados, se comprometen a fundar la Sociedad de Mar\u00eda, com\u00fanmente conocidos como Padres Maristas y deciden fundar la rama\u202fde la congregaci\u00f3n de Hermanos Maristas, quienes se dedicar\u00edan a la ense\u00f1anza y a la catequesis de ni\u00f1os y j\u00f3venes especialmente a los m\u00e1s necesitados. Es as\u00ed como el 2 de enero de 1817 nace la congregaci\u00f3n de los Hermanos Maristas.\u00a0<\/p><p>En noviembre de 1818 funda la primera escuela en su pueblo natal, Marlhes. Y al siguiente a\u00f1o en su parroquia, La Valla. En el lapso de 22 a\u00f1os, deja a su muerte 48 escuelas fundadas donde se educan unos 7.000 alumnos. Mar\u00eda bendice igualmente su congregaci\u00f3n con abundantes vocaciones. En el mismo lapso, Champagnat deja 280 Hermanos, m\u00e1s 49 que ya hab\u00edan fallecido.\u00a0<\/p><p>El 29 de mayo de 1955 es beatificado por el Papa P\u00edo XII.\u00a0<\/p><p>Fue canonizado por el Sumo Pont\u00edfice, en una solemne Eucarist\u00eda celebrada en la Plaza de San Pedro, Ciudad del Vaticano, el 18 de abril de 1999, con la presencia de miles de personas, entre ellos, numerosos miembros de la Familia Marista. Su Memoria, en el calendario de la Iglesia Cat\u00f3lica, se recuerda el 6 de Junio.\u00a0<\/p>\t\t\t\t\t\t\t\t<\/div>\n\t\t\t\t<\/div>\n\t\t\t\t\t<\/div>\n\t\t<\/div>\n\t\t\t\t\t<\/div>\n\t\t<\/section>\n\t\t\t\t\t<\/div>\n\t\t<\/div>\n\t\t\t\t\t<\/div>\n\t\t<\/section>\n\t\t\t\t<section class=\"elementor-section elementor-top-section elementor-element elementor-element-9317a68 elementor-section-boxed elementor-section-height-default elementor-section-height-default\" data-id=\"9317a68\" data-element_type=\"section\" data-e-type=\"section\">\n\t\t\t\t\t\t<div class=\"elementor-container elementor-column-gap-default\">\n\t\t\t\t\t<div class=\"elementor-column elementor-col-100 elementor-top-column elementor-element elementor-element-b8c2c14\" data-id=\"b8c2c14\" data-element_type=\"column\" data-e-type=\"column\">\n\t\t\t<div class=\"elementor-widget-wrap\">\n\t\t\t\t\t\t\t<\/div>\n\t\t<\/div>\n\t\t\t\t\t<\/div>\n\t\t<\/section>\n\t\t\t\t<\/div>\n\t\t","protected":false},"excerpt":{"rendered":"<p>FUNDADOR L&#8217; Hermitage El Hermitage es una de las primeras propiedades maristas, se encuentra a una hora por carretera de Lyon, Francia, y lo forma un conjunto de edificios, uno de los cuales fue construido por el Padre Champagnat, junto con los Hermanos y los constructores locales en 1824. En 2010, un Hermitage renovado fue [&hellip;]<\/p>\n","protected":false},"author":4,"featured_media":0,"parent":1788,"menu_order":3,"comment_status":"closed","ping_status":"closed","template":"","meta":{"_monsterinsights_skip_tracking":false,"_monsterinsights_sitenote_active":false,"_monsterinsights_sitenote_note":"","_monsterinsights_sitenote_category":0,"footnotes":""},"class_list":["post-223","page","type-page","status-publish","hentry"],"_links":{"self":[{"href":"https:\/\/liceosalvadoreno.edu.sv\/home\/wp-json\/wp\/v2\/pages\/223","targetHints":{"allow":["GET"]}}],"collection":[{"href":"https:\/\/liceosalvadoreno.edu.sv\/home\/wp-json\/wp\/v2\/pages"}],"about":[{"href":"https:\/\/liceosalvadoreno.edu.sv\/home\/wp-json\/wp\/v2\/types\/page"}],"author":[{"embeddable":true,"href":"https:\/\/liceosalvadoreno.edu.sv\/home\/wp-json\/wp\/v2\/users\/4"}],"replies":[{"embeddable":true,"href":"https:\/\/liceosalvadoreno.edu.sv\/home\/wp-json\/wp\/v2\/comments?post=223"}],"version-history":[{"count":48,"href":"https:\/\/liceosalvadoreno.edu.sv\/home\/wp-json\/wp\/v2\/pages\/223\/revisions"}],"predecessor-version":[{"id":3875,"href":"https:\/\/liceosalvadoreno.edu.sv\/home\/wp-json\/wp\/v2\/pages\/223\/revisions\/3875"}],"up":[{"embeddable":true,"href":"https:\/\/liceosalvadoreno.edu.sv\/home\/wp-json\/wp\/v2\/pages\/1788"}],"wp:attachment":[{"href":"https:\/\/liceosalvadoreno.edu.sv\/home\/wp-json\/wp\/v2\/media?parent=223"}],"curies":[{"name":"wp","href":"https:\/\/api.w.org\/{rel}","templated":true}]}}